{"id":30,"date":"2024-09-20T11:50:15","date_gmt":"2024-09-20T11:50:15","guid":{"rendered":"https:\/\/carpinteriaartetxe.rkinformatika.online\/?page_id=30"},"modified":"2025-05-02T11:06:18","modified_gmt":"2025-05-02T11:06:18","slug":"servicios","status":"publish","type":"page","link":"https:\/\/artepanes.com\/eu\/servicios\/","title":{"rendered":"Zerbitzuak"},"content":{"rendered":"<div data-elementor-type=\"wp-page\" data-elementor-id=\"30\" class=\"elementor elementor-30\" data-elementor-post-type=\"page\">\n\t\t\t\t\t\t<section class=\"elementor-section elementor-top-section elementor-element elementor-element-9568e96 elementor-section-height-min-height elementor-section-boxed elementor-section-height-default elementor-section-items-middle\" data-id=\"9568e96\" data-element_type=\"section\" data-e-type=\"section\" data-settings=\"{&quot;background_background&quot;:&quot;classic&quot;}\">\n\t\t\t\t\t\t\t<div class=\"elementor-background-overlay\"><\/div>\n\t\t\t\t\t\t\t<div class=\"elementor-container elementor-column-gap-no\">\n\t\t\t\t\t<div class=\"elementor-column elementor-col-100 elementor-top-column elementor-element elementor-element-5a05202\" data-id=\"5a05202\" data-element_type=\"column\" data-e-type=\"column\">\n\t\t\t<div class=\"elementor-widget-wrap\">\n\t\t\t\t\t\t\t<\/div>\n\t\t<\/div>\n\t\t\t\t\t<\/div>\n\t\t<\/section>\n\t\t<div class=\"elementor-element elementor-element-20b789d e-con-full e-flex e-con e-parent\" data-id=\"20b789d\" data-element_type=\"container\" data-e-type=\"container\" data-settings=\"{&quot;background_background&quot;:&quot;classic&quot;}\">\n\t\t<div class=\"elementor-element elementor-element-66002d6 e-flex e-con-boxed e-con e-child\" data-id=\"66002d6\" data-element_type=\"container\" data-e-type=\"container\">\n\t\t\t\t\t<div class=\"e-con-inner\">\n\t\t\t\t<div class=\"elementor-element elementor-element-68156e5 elementor-widget__width-initial elementor-invisible elementor-widget elementor-widget-heading\" data-id=\"68156e5\" data-element_type=\"widget\" data-e-type=\"widget\" data-settings=\"{&quot;_animation&quot;:&quot;fadeInUp&quot;}\" data-widget_type=\"heading.default\">\n\t\t\t\t<div class=\"elementor-widget-container\">\n\t\t\t\t\t<h2 class=\"elementor-heading-title elementor-size-default\">Descubre todo lo que tenemos preparado para ti: sabores artesanales, tradici\u00f3n y calidad en cada rinc\u00f3n de nuestra tienda. \u00a1Explora nuestros servicios!\n<\/h2>\t\t\t\t<\/div>\n\t\t\t\t<\/div>\n\t\t\t\t\t<\/div>\n\t\t\t\t<\/div>\n\t\t<div class=\"elementor-element elementor-element-0f69fe0 e-con-full e-flex e-con e-child\" data-id=\"0f69fe0\" data-element_type=\"container\" data-e-type=\"container\">\n\t\t<div class=\"elementor-element elementor-element-f0a7f72 e-con-full e-flex elementor-invisible e-con e-child\" data-id=\"f0a7f72\" data-element_type=\"container\" data-e-type=\"container\" data-settings=\"{&quot;animation&quot;:&quot;fadeInUp&quot;}\">\n\t\t\t\t<div class=\"elementor-element elementor-element-4a705b6 elementor-cta--layout-image-below elementor-cta--valign-middle elementor-cta--skin-classic elementor-animated-content elementor-bg-transform elementor-bg-transform-zoom-in elementor-widget elementor-widget-call-to-action\" data-id=\"4a705b6\" data-element_type=\"widget\" data-e-type=\"widget\" data-widget_type=\"call-to-action.default\">\n\t\t\t\t<div class=\"elementor-widget-container\">\n\t\t\t\t\t\t\t<div class=\"elementor-cta\">\n\t\t\t\t\t<div class=\"elementor-cta__bg-wrapper\">\n\t\t\t\t<div class=\"elementor-cta__bg elementor-bg\" style=\"background-image: url(https:\/\/artepanes.com\/wp-content\/uploads\/elementor\/thumbs\/traditional-leavened-sourdough-bread-r4ucfn39ocvvwu1pgqykmznygrwhtoiz89o03067wo.jpg);\" role=\"img\" aria-label=\"Traditional leavened sourdough bread\"><\/div>\n\t\t\t\t<div class=\"elementor-cta__bg-overlay\"><\/div>\n\t\t\t<\/div>\n\t\t\t\t\t\t\t\t<\/div>\n\t\t\t\t\t\t<\/div>\n\t\t\t\t<\/div>\n\t\t\t\t<div class=\"elementor-element elementor-element-8f280c6 elementor-widget elementor-widget-heading\" data-id=\"8f280c6\" data-element_type=\"widget\" data-e-type=\"widget\" data-widget_type=\"heading.default\">\n\t\t\t\t<div class=\"elementor-widget-container\">\n\t\t\t\t\t<h2 class=\"elementor-heading-title elementor-size-default\">Pan con masa madre<\/h2>\t\t\t\t<\/div>\n\t\t\t\t<\/div>\n\t\t\t\t<div class=\"elementor-element elementor-element-4b9a871 elementor-widget elementor-widget-text-editor\" data-id=\"4b9a871\" data-element_type=\"widget\" data-e-type=\"widget\" data-widget_type=\"text-editor.default\">\n\t\t\t\t<div class=\"elementor-widget-container\">\n\t\t\t\t\t\t\t\t\t<p>Elaboramos pan artesanal con masa madre natural, siguiendo procesos tradicionales que respetan los tiempos de fermentaci\u00f3n lenta. El resultado es un pan con corteza crujiente, miga suave y un sabor aut\u00e9ntico que enamora desde el primer bocado.<\/p>\t\t\t\t\t\t\t\t<\/div>\n\t\t\t\t<\/div>\n\t\t\t\t<\/div>\n\t\t<div class=\"elementor-element elementor-element-74c9396 e-con-full e-flex elementor-invisible e-con e-child\" data-id=\"74c9396\" data-element_type=\"container\" data-e-type=\"container\" data-settings=\"{&quot;animation&quot;:&quot;fadeInUp&quot;}\">\n\t\t\t\t<div class=\"elementor-element elementor-element-187d964 elementor-cta--layout-image-above elementor-cta--valign-middle elementor-cta--skin-classic elementor-animated-content elementor-bg-transform elementor-bg-transform-zoom-in elementor-widget elementor-widget-call-to-action\" data-id=\"187d964\" data-element_type=\"widget\" data-e-type=\"widget\" data-widget_type=\"call-to-action.default\">\n\t\t\t\t<div class=\"elementor-widget-container\">\n\t\t\t\t\t\t\t<div class=\"elementor-cta\">\n\t\t\t\t\t<div class=\"elementor-cta__bg-wrapper\">\n\t\t\t\t<div class=\"elementor-cta__bg elementor-bg\" style=\"background-image: url(https:\/\/artepanes.com\/wp-content\/uploads\/2025\/04\/fresh-delicious-pizza-made-in-a-hearth-oven.jpg);\" role=\"img\" aria-label=\"Fresh delicious pizza made in a hearth oven\"><\/div>\n\t\t\t\t<div class=\"elementor-cta__bg-overlay\"><\/div>\n\t\t\t<\/div>\n\t\t\t\t\t\t\t\t<\/div>\n\t\t\t\t\t\t<\/div>\n\t\t\t\t<\/div>\n\t\t\t\t<div class=\"elementor-element elementor-element-034690d elementor-widget elementor-widget-heading\" data-id=\"034690d\" data-element_type=\"widget\" data-e-type=\"widget\" data-widget_type=\"heading.default\">\n\t\t\t\t<div class=\"elementor-widget-container\">\n\t\t\t\t\t<h2 class=\"elementor-heading-title elementor-size-default\"> Pizza<\/h2>\t\t\t\t<\/div>\n\t\t\t\t<\/div>\n\t\t\t\t<div class=\"elementor-element elementor-element-1850a40 elementor-widget elementor-widget-text-editor\" data-id=\"1850a40\" data-element_type=\"widget\" data-e-type=\"widget\" data-widget_type=\"text-editor.default\">\n\t\t\t\t<div class=\"elementor-widget-container\">\n\t\t\t\t\t\t\t\t\t<p>Nuestras pizzas artesanales se preparan con masa casera, ingredientes frescos y combinaciones irresistibles. Perfectas para compartir o disfrutar en cualquier momento, con todo el sabor de la tradici\u00f3n italiana y el toque especial de Artepanes.<\/p>\t\t\t\t\t\t\t\t<\/div>\n\t\t\t\t<\/div>\n\t\t\t\t<\/div>\n\t\t<div class=\"elementor-element elementor-element-258cde7 e-con-full e-flex elementor-invisible e-con e-child\" data-id=\"258cde7\" data-element_type=\"container\" data-e-type=\"container\" data-settings=\"{&quot;animation&quot;:&quot;fadeInUp&quot;}\">\n\t\t\t\t<div class=\"elementor-element elementor-element-13b1505 elementor-cta--layout-image-above elementor-cta--valign-middle elementor-cta--skin-classic elementor-animated-content elementor-bg-transform elementor-bg-transform-zoom-in elementor-widget elementor-widget-call-to-action\" data-id=\"13b1505\" data-element_type=\"widget\" data-e-type=\"widget\" data-widget_type=\"call-to-action.default\">\n\t\t\t\t<div class=\"elementor-widget-container\">\n\t\t\t\t\t\t\t<div class=\"elementor-cta\">\n\t\t\t\t\t<div class=\"elementor-cta__bg-wrapper\">\n\t\t\t\t<div class=\"elementor-cta__bg elementor-bg\" style=\"background-image: url(https:\/\/artepanes.com\/wp-content\/uploads\/2025\/04\/tea-biscuits-with-jam-on-a-plate.jpg);\" role=\"img\" aria-label=\"Tea Biscuits with Jam on a Plate\"><\/div>\n\t\t\t\t<div class=\"elementor-cta__bg-overlay\"><\/div>\n\t\t\t<\/div>\n\t\t\t\t\t\t\t\t<\/div>\n\t\t\t\t\t\t<\/div>\n\t\t\t\t<\/div>\n\t\t\t\t<div class=\"elementor-element elementor-element-238aa22 elementor-widget elementor-widget-heading\" data-id=\"238aa22\" data-element_type=\"widget\" data-e-type=\"widget\" data-widget_type=\"heading.default\">\n\t\t\t\t<div class=\"elementor-widget-container\">\n\t\t\t\t\t<h2 class=\"elementor-heading-title elementor-size-default\">Pasta de t\u00e9<\/h2>\t\t\t\t<\/div>\n\t\t\t\t<\/div>\n\t\t\t\t<div class=\"elementor-element elementor-element-9fc8655 elementor-widget elementor-widget-text-editor\" data-id=\"9fc8655\" data-element_type=\"widget\" data-e-type=\"widget\" data-widget_type=\"text-editor.default\">\n\t\t\t\t<div class=\"elementor-widget-container\">\n\t\t\t\t\t\t\t\t\t<p>Delicadas y sabrosas, nuestras pastas de t\u00e9 son el acompa\u00f1amiento ideal para una pausa dulce. Hechas con recetas artesanales, tienen la textura perfecta y un sabor que te har\u00e1 volver por m\u00e1s.<\/p>\t\t\t\t\t\t\t\t<\/div>\n\t\t\t\t<\/div>\n\t\t\t\t<\/div>\n\t\t\t\t<\/div>\n\t\t\t\t<\/div>\n\t\t<div class=\"elementor-element elementor-element-bfc4f6d e-con-full e-flex e-con e-parent\" data-id=\"bfc4f6d\" data-element_type=\"container\" data-e-type=\"container\" data-settings=\"{&quot;background_background&quot;:&quot;classic&quot;}\">\n\t\t<div class=\"elementor-element elementor-element-9480609 e-con-full e-flex e-con e-child\" data-id=\"9480609\" data-element_type=\"container\" data-e-type=\"container\">\n\t\t<div class=\"elementor-element elementor-element-2b098f1 e-con-full e-flex elementor-invisible e-con e-child\" data-id=\"2b098f1\" data-element_type=\"container\" data-e-type=\"container\" data-settings=\"{&quot;animation&quot;:&quot;fadeInUp&quot;}\">\n\t\t\t\t<div class=\"elementor-element elementor-element-c6913af elementor-cta--layout-image-below elementor-cta--valign-middle elementor-cta--skin-classic elementor-animated-content elementor-bg-transform elementor-bg-transform-zoom-in elementor-widget elementor-widget-call-to-action\" data-id=\"c6913af\" data-element_type=\"widget\" data-e-type=\"widget\" data-widget_type=\"call-to-action.default\">\n\t\t\t\t<div class=\"elementor-widget-container\">\n\t\t\t\t\t\t\t<div class=\"elementor-cta\">\n\t\t\t\t\t<div class=\"elementor-cta__bg-wrapper\">\n\t\t\t\t<div class=\"elementor-cta__bg elementor-bg\" style=\"background-image: url(https:\/\/artepanes.com\/wp-content\/uploads\/elementor\/thumbs\/ChatGPT-Image-24-de-abr.-de-2025-20_48_35-r4ud0tedmzvfglaeteh0b5as89j687lah2qsaerxqg.png);\" role=\"img\" aria-label=\"ChatGPT Image 24 de abr. de 2025, 20_48_35\"><\/div>\n\t\t\t\t<div class=\"elementor-cta__bg-overlay\"><\/div>\n\t\t\t<\/div>\n\t\t\t\t\t\t\t\t<\/div>\n\t\t\t\t\t\t<\/div>\n\t\t\t\t<\/div>\n\t\t\t\t<div class=\"elementor-element elementor-element-1ef0c7e elementor-widget elementor-widget-heading\" data-id=\"1ef0c7e\" data-element_type=\"widget\" data-e-type=\"widget\" data-widget_type=\"heading.default\">\n\t\t\t\t<div class=\"elementor-widget-container\">\n\t\t\t\t\t<h2 class=\"elementor-heading-title elementor-size-default\">Dulces<\/h2>\t\t\t\t<\/div>\n\t\t\t\t<\/div>\n\t\t\t\t<div class=\"elementor-element elementor-element-65148f7 elementor-widget elementor-widget-text-editor\" data-id=\"65148f7\" data-element_type=\"widget\" data-e-type=\"widget\" data-widget_type=\"text-editor.default\">\n\t\t\t\t<div class=\"elementor-widget-container\">\n\t\t\t\t\t\t\t\t\t<p>Descubre nuestra variedad de dulces caseros, preparados con cari\u00f1o y los mejores ingredientes. Desde cl\u00e1sicos de la reposter\u00eda hasta creaciones \u00fanicas, tenemos opciones para todos los gustos y ocasiones.<\/p>\t\t\t\t\t\t\t\t<\/div>\n\t\t\t\t<\/div>\n\t\t\t\t<\/div>\n\t\t<div class=\"elementor-element elementor-element-15c93fd e-con-full e-flex elementor-invisible e-con e-child\" data-id=\"15c93fd\" data-element_type=\"container\" data-e-type=\"container\" data-settings=\"{&quot;animation&quot;:&quot;fadeInUp&quot;}\">\n\t\t\t\t<div class=\"elementor-element elementor-element-13e4399 elementor-cta--layout-image-above elementor-cta--valign-middle elementor-cta--skin-classic elementor-animated-content elementor-bg-transform elementor-bg-transform-zoom-in elementor-widget elementor-widget-call-to-action\" data-id=\"13e4399\" data-element_type=\"widget\" data-e-type=\"widget\" data-widget_type=\"call-to-action.default\">\n\t\t\t\t<div class=\"elementor-widget-container\">\n\t\t\t\t\t\t\t<div class=\"elementor-cta\">\n\t\t\t\t\t<div class=\"elementor-cta__bg-wrapper\">\n\t\t\t\t<div class=\"elementor-cta__bg elementor-bg\" style=\"background-image: url(https:\/\/artepanes.com\/wp-content\/uploads\/2025\/04\/ChatGPT-Image-24-de-abr.-de-2025-20_53_21.png);\" role=\"img\" aria-label=\"ChatGPT Image 24 de abr. de 2025, 20_53_21\"><\/div>\n\t\t\t\t<div class=\"elementor-cta__bg-overlay\"><\/div>\n\t\t\t<\/div>\n\t\t\t\t\t\t\t\t<\/div>\n\t\t\t\t\t\t<\/div>\n\t\t\t\t<\/div>\n\t\t\t\t<div class=\"elementor-element elementor-element-0a32ae1 elementor-widget elementor-widget-heading\" data-id=\"0a32ae1\" data-element_type=\"widget\" data-e-type=\"widget\" data-widget_type=\"heading.default\">\n\t\t\t\t<div class=\"elementor-widget-container\">\n\t\t\t\t\t<h2 class=\"elementor-heading-title elementor-size-default\">Productos de alimentaci\u00f3n<\/h2>\t\t\t\t<\/div>\n\t\t\t\t<\/div>\n\t\t\t\t<div class=\"elementor-element elementor-element-6048eaf elementor-widget elementor-widget-text-editor\" data-id=\"6048eaf\" data-element_type=\"widget\" data-e-type=\"widget\" data-widget_type=\"text-editor.default\">\n\t\t\t\t<div class=\"elementor-widget-container\">\n\t\t\t\t\t\t\t\t\t<p>En Artepanes tambi\u00e9n ofrecemos una cuidada selecci\u00f3n de productos de alimentaci\u00f3n general. Desde ingredientes b\u00e1sicos hasta especialidades gourmet, todo pensado para complementar tu mesa con calidad y buen gusto.<\/p>\t\t\t\t\t\t\t\t<\/div>\n\t\t\t\t<\/div>\n\t\t\t\t<\/div>\n\t\t\t\t<\/div>\n\t\t\t\t<\/div>\n\t\t\t\t<\/div>","protected":false},"excerpt":{"rendered":"<p>Descubre todo lo que tenemos preparado para ti: sabores artesanales, tradici\u00f3n y calidad en cada rinc\u00f3n de nuestra tienda. \u00a1Explora nuestros servicios! Pan con masa madre Elaboramos pan artesanal con masa madre natural, siguiendo procesos tradicionales que respetan los tiempos de fermentaci\u00f3n lenta. El resultado es un pan con corteza crujiente, miga suave y un [&hellip;]<\/p>\n","protected":false},"author":4,"featured_media":0,"parent":0,"menu_order":0,"comment_status":"closed","ping_status":"closed","template":"","meta":{"footnotes":""},"class_list":["post-30","page","type-page","status-publish","hentry"],"yoast_head":"<!-- This site is optimized with the Yoast SEO plugin v27.3 - https:\/\/yoast.com\/product\/yoast-seo-wordpress\/ -->\n<title>Servicios - Artepanes<\/title>\n<meta name=\"robots\" content=\"index, follow, max-snippet:-1, max-image-preview:large, max-video-preview:-1\" \/>\n<link rel=\"canonical\" href=\"https:\/\/artepanes.com\/eu\/servicios\/\" \/>\n<meta property=\"og:locale\" content=\"en_US\" \/>\n<meta property=\"og:type\" content=\"article\" \/>\n<meta property=\"og:title\" content=\"Servicios - Artepanes\" \/>\n<meta property=\"og:description\" content=\"Descubre todo lo que tenemos preparado para ti: sabores artesanales, tradici\u00f3n y calidad en cada rinc\u00f3n de nuestra tienda. \u00a1Explora nuestros servicios! Pan con masa madre Elaboramos pan artesanal con masa madre natural, siguiendo procesos tradicionales que respetan los tiempos de fermentaci\u00f3n lenta. El resultado es un pan con corteza crujiente, miga suave y un [&hellip;]\" \/>\n<meta property=\"og:url\" content=\"https:\/\/artepanes.com\/eu\/servicios\/\" \/>\n<meta property=\"og:site_name\" content=\"Artepanes\" \/>\n<meta property=\"article:modified_time\" content=\"2025-05-02T11:06:18+00:00\" \/>\n<meta name=\"twitter:card\" content=\"summary_large_image\" \/>\n<meta name=\"twitter:label1\" content=\"Est. reading time\" \/>\n\t<meta name=\"twitter:data1\" content=\"1 minutua\" \/>\n<script type=\"application\/ld+json\" class=\"yoast-schema-graph\">{\"@context\":\"https:\\\/\\\/schema.org\",\"@graph\":[{\"@type\":\"WebPage\",\"@id\":\"https:\\\/\\\/artepanes.com\\\/servicios\\\/\",\"url\":\"https:\\\/\\\/artepanes.com\\\/servicios\\\/\",\"name\":\"Servicios - Artepanes\",\"isPartOf\":{\"@id\":\"https:\\\/\\\/artepanes.com\\\/#website\"},\"datePublished\":\"2024-09-20T11:50:15+00:00\",\"dateModified\":\"2025-05-02T11:06:18+00:00\",\"breadcrumb\":{\"@id\":\"https:\\\/\\\/artepanes.com\\\/servicios\\\/#breadcrumb\"},\"inLanguage\":\"eu\",\"potentialAction\":[{\"@type\":\"ReadAction\",\"target\":[\"https:\\\/\\\/artepanes.com\\\/servicios\\\/\"]}]},{\"@type\":\"BreadcrumbList\",\"@id\":\"https:\\\/\\\/artepanes.com\\\/servicios\\\/#breadcrumb\",\"itemListElement\":[{\"@type\":\"ListItem\",\"position\":1,\"name\":\"Portada\",\"item\":\"https:\\\/\\\/artepanes.com\\\/\"},{\"@type\":\"ListItem\",\"position\":2,\"name\":\"Servicios\"}]},{\"@type\":\"WebSite\",\"@id\":\"https:\\\/\\\/artepanes.com\\\/#website\",\"url\":\"https:\\\/\\\/artepanes.com\\\/\",\"name\":\"Artepanes\",\"description\":\"Alba\u00f1iler\u00eda en general \",\"publisher\":{\"@id\":\"https:\\\/\\\/artepanes.com\\\/#organization\"},\"potentialAction\":[{\"@type\":\"SearchAction\",\"target\":{\"@type\":\"EntryPoint\",\"urlTemplate\":\"https:\\\/\\\/artepanes.com\\\/?s={search_term_string}\"},\"query-input\":{\"@type\":\"PropertyValueSpecification\",\"valueRequired\":true,\"valueName\":\"search_term_string\"}}],\"inLanguage\":\"eu\"},{\"@type\":\"Organization\",\"@id\":\"https:\\\/\\\/artepanes.com\\\/#organization\",\"name\":\"Artepanes\",\"url\":\"https:\\\/\\\/artepanes.com\\\/\",\"logo\":{\"@type\":\"ImageObject\",\"inLanguage\":\"eu\",\"@id\":\"https:\\\/\\\/artepanes.com\\\/#\\\/schema\\\/logo\\\/image\\\/\",\"url\":\"https:\\\/\\\/artepanes.com\\\/wp-content\\\/uploads\\\/2025\\\/04\\\/cropped-cropped-cropped-Design-sem-nome-1.png\",\"contentUrl\":\"https:\\\/\\\/artepanes.com\\\/wp-content\\\/uploads\\\/2025\\\/04\\\/cropped-cropped-cropped-Design-sem-nome-1.png\",\"width\":404,\"height\":408,\"caption\":\"Artepanes\"},\"image\":{\"@id\":\"https:\\\/\\\/artepanes.com\\\/#\\\/schema\\\/logo\\\/image\\\/\"}}]}<\/script>\n<!-- \/ Yoast SEO plugin. -->","yoast_head_json":{"title":"Servicios - Artepanes","robots":{"index":"index","follow":"follow","max-snippet":"max-snippet:-1","max-image-preview":"max-image-preview:large","max-video-preview":"max-video-preview:-1"},"canonical":"https:\/\/artepanes.com\/eu\/servicios\/","og_locale":"en_US","og_type":"article","og_title":"Servicios - Artepanes","og_description":"Descubre todo lo que tenemos preparado para ti: sabores artesanales, tradici\u00f3n y calidad en cada rinc\u00f3n de nuestra tienda. \u00a1Explora nuestros servicios! Pan con masa madre Elaboramos pan artesanal con masa madre natural, siguiendo procesos tradicionales que respetan los tiempos de fermentaci\u00f3n lenta. El resultado es un pan con corteza crujiente, miga suave y un [&hellip;]","og_url":"https:\/\/artepanes.com\/eu\/servicios\/","og_site_name":"Artepanes","article_modified_time":"2025-05-02T11:06:18+00:00","twitter_card":"summary_large_image","twitter_misc":{"Est. reading time":"1 minutua"},"schema":{"@context":"https:\/\/schema.org","@graph":[{"@type":"WebPage","@id":"https:\/\/artepanes.com\/servicios\/","url":"https:\/\/artepanes.com\/servicios\/","name":"Servicios - Artepanes","isPartOf":{"@id":"https:\/\/artepanes.com\/#website"},"datePublished":"2024-09-20T11:50:15+00:00","dateModified":"2025-05-02T11:06:18+00:00","breadcrumb":{"@id":"https:\/\/artepanes.com\/servicios\/#breadcrumb"},"inLanguage":"eu","potentialAction":[{"@type":"ReadAction","target":["https:\/\/artepanes.com\/servicios\/"]}]},{"@type":"BreadcrumbList","@id":"https:\/\/artepanes.com\/servicios\/#breadcrumb","itemListElement":[{"@type":"ListItem","position":1,"name":"Portada","item":"https:\/\/artepanes.com\/"},{"@type":"ListItem","position":2,"name":"Servicios"}]},{"@type":"WebSite","@id":"https:\/\/artepanes.com\/#website","url":"https:\/\/artepanes.com\/","name":"Artepanes","description":"Alba\u00f1iler\u00eda en general","publisher":{"@id":"https:\/\/artepanes.com\/#organization"},"potentialAction":[{"@type":"SearchAction","target":{"@type":"EntryPoint","urlTemplate":"https:\/\/artepanes.com\/?s={search_term_string}"},"query-input":{"@type":"PropertyValueSpecification","valueRequired":true,"valueName":"search_term_string"}}],"inLanguage":"eu"},{"@type":"Organization","@id":"https:\/\/artepanes.com\/#organization","name":"Artepanes","url":"https:\/\/artepanes.com\/","logo":{"@type":"ImageObject","inLanguage":"eu","@id":"https:\/\/artepanes.com\/#\/schema\/logo\/image\/","url":"https:\/\/artepanes.com\/wp-content\/uploads\/2025\/04\/cropped-cropped-cropped-Design-sem-nome-1.png","contentUrl":"https:\/\/artepanes.com\/wp-content\/uploads\/2025\/04\/cropped-cropped-cropped-Design-sem-nome-1.png","width":404,"height":408,"caption":"Artepanes"},"image":{"@id":"https:\/\/artepanes.com\/#\/schema\/logo\/image\/"}}]}},"_links":{"self":[{"href":"https:\/\/artepanes.com\/eu\/wp-json\/wp\/v2\/pages\/30","targetHints":{"allow":["GET"]}}],"collection":[{"href":"https:\/\/artepanes.com\/eu\/wp-json\/wp\/v2\/pages"}],"about":[{"href":"https:\/\/artepanes.com\/eu\/wp-json\/wp\/v2\/types\/page"}],"author":[{"embeddable":true,"href":"https:\/\/artepanes.com\/eu\/wp-json\/wp\/v2\/users\/4"}],"replies":[{"embeddable":true,"href":"https:\/\/artepanes.com\/eu\/wp-json\/wp\/v2\/comments?post=30"}],"version-history":[{"count":85,"href":"https:\/\/artepanes.com\/eu\/wp-json\/wp\/v2\/pages\/30\/revisions"}],"predecessor-version":[{"id":763,"href":"https:\/\/artepanes.com\/eu\/wp-json\/wp\/v2\/pages\/30\/revisions\/763"}],"wp:attachment":[{"href":"https:\/\/artepanes.com\/eu\/wp-json\/wp\/v2\/media?parent=30"}],"curies":[{"name":"wp","href":"https:\/\/api.w.org\/{rel}","templated":true}]}}